{"id":1078,"date":"2023-06-11T22:25:39","date_gmt":"2023-06-11T20:25:39","guid":{"rendered":"https:\/\/sterni-festival.ch\/?page_id=1078"},"modified":"2024-08-19T20:31:33","modified_gmt":"2024-08-19T18:31:33","slug":"alle-infos","status":"publish","type":"page","link":"https:\/\/sterni-festival.ch\/en\/alle-infos\/","title":{"rendered":"All infos"},"content":{"rendered":"<div data-elementor-type=\"wp-page\" data-elementor-id=\"1078\" class=\"elementor elementor-1078\" data-elementor-post-type=\"page\">\n\t\t\t\t<div class=\"elementor-element elementor-element-c7e706e e-flex e-con-boxed e-con e-parent\" data-id=\"c7e706e\" data-element_type=\"container\">\n\t\t\t\t\t<div class=\"e-con-inner\">\n\t\t\t\t<div class=\"elementor-element elementor-element-6594e92 elementor-widget elementor-widget-heading\" data-id=\"6594e92\" data-element_type=\"widget\" data-widget_type=\"heading.default\">\n\t\t\t\t<div class=\"elementor-widget-container\">\n\t\t\t<style>\/*! elementor - v3.23.0 - 05-08-2024 *\/\n.elementor-heading-title{padding:0;margin:0;line-height:1}.elementor-widget-heading .elementor-heading-title[class*=elementor-size-]>a{color:inherit;font-size:inherit;line-height:inherit}.elementor-widget-heading .elementor-heading-title.elementor-size-small{font-size:15px}.elementor-widget-heading .elementor-heading-title.elementor-size-medium{font-size:19px}.elementor-widget-heading .elementor-heading-title.elementor-size-large{font-size:29px}.elementor-widget-heading .elementor-heading-title.elementor-size-xl{font-size:39px}.elementor-widget-heading .elementor-heading-title.elementor-size-xxl{font-size:59px}<\/style><h3 class=\"elementor-heading-title elementor-size-default\">All infos<\/h3>\t\t<\/div>\n\t\t\t\t<\/div>\n\t\t\t\t<div class=\"elementor-element elementor-element-dc5a8d4 elementor-widget elementor-widget-text-editor\" data-id=\"dc5a8d4\" data-element_type=\"widget\" data-widget_type=\"text-editor.default\">\n\t\t\t\t<div class=\"elementor-widget-container\">\n\t\t\t<style>\/*! elementor - v3.23.0 - 05-08-2024 *\/\n.elementor-widget-text-editor.elementor-drop-cap-view-stacked .elementor-drop-cap{background-color:#69727d;color:#fff}.elementor-widget-text-editor.elementor-drop-cap-view-framed .elementor-drop-cap{color:#69727d;border:3px solid;background-color:transparent}.elementor-widget-text-editor:not(.elementor-drop-cap-view-default) .elementor-drop-cap{margin-top:8px}.elementor-widget-text-editor:not(.elementor-drop-cap-view-default) .elementor-drop-cap-letter{width:1em;height:1em}.elementor-widget-text-editor .elementor-drop-cap{float:left;text-align:center;line-height:1;font-size:50px}.elementor-widget-text-editor .elementor-drop-cap-letter{display:inline-block}<\/style>\t\t\t\t<p class=\" translation-block\">The Sterni-Festival goes into the second round this year and takes place from Fri 23.08.- Sun 25.08.24. We invite you to dance to selected regional bands, DJs and live acts in the middle of the beautiful Sternenberg. Away from the hustle and bustle of the festival scene, our Sterni is an insider tip for all those who like it uncomplicated and informal. <br>The Sterni Festival is organized by a young team of volunteers who share a passion for festivals and concerts.<\/p><h4><span style=\"color: #e9338b;\">What can you expect?<\/span><\/h4><div class=\" translation-block\">A three-day, informal open-air music festival awaits you in the middle of nature in a forest clearing.\nWe will be accompanied musically by regional artists. Acoustic bands and singer-songwriters (rock, world music &amp; pop) from the afternoon to the evening. From sunset onwards, various DJs and live acts of electronic music will shape the program, starting with house\/techno to psychedelic trance until the morning hours.\nIn addition to the stage, we offer a wide range of workshops, such as yoga, dance, modular synthesizer (by Drehmoment) etc. Those who have had enough of the hustle and bustle can enjoy the cozy atmosphere in the yurt.<\/div><div><span style=\"color: #e9338b;\">\u00a0<\/span><\/div>\t\t\t\t\t\t<\/div>\n\t\t\t\t<\/div>\n\t\t\t\t\t<\/div>\n\t\t\t\t<\/div>\n\t\t<div class=\"elementor-element elementor-element-0fd7b6f e-flex e-con-boxed e-con e-parent\" data-id=\"0fd7b6f\" data-element_type=\"container\">\n\t\t\t\t\t<div class=\"e-con-inner\">\n\t\t\t\t<div class=\"elementor-element elementor-element-21ee03b elementor-widget elementor-widget-image\" data-id=\"21ee03b\" data-element_type=\"widget\" data-widget_type=\"image.default\">\n\t\t\t\t<div class=\"elementor-widget-container\">\n\t\t\t<style>\/*! elementor - v3.23.0 - 05-08-2024 *\/\n.elementor-widget-image{text-align:center}.elementor-widget-image a{display:inline-block}.elementor-widget-image a img[src$=\".svg\"]{width:48px}.elementor-widget-image img{vertical-align:middle;display:inline-block}<\/style>\t\t\t\t\t\t\t\t\t\t<img fetchpriority=\"high\" decoding=\"async\" width=\"960\" height=\"540\" src=\"https:\/\/sterni-festival.ch\/wp-content\/uploads\/revslider\/video-media\/Resized_4_layer.jpeg\" class=\"attachment-full size-full wp-image-12745\" alt=\"\" srcset=\"https:\/\/sterni-festival.ch\/wp-content\/uploads\/revslider\/video-media\/Resized_4_layer.jpeg 960w, https:\/\/sterni-festival.ch\/wp-content\/uploads\/revslider\/video-media\/Resized_4_layer-300x169.jpeg 300w, https:\/\/sterni-festival.ch\/wp-content\/uploads\/revslider\/video-media\/Resized_4_layer-768x432.jpeg 768w, https:\/\/sterni-festival.ch\/wp-content\/uploads\/revslider\/video-media\/Resized_4_layer-18x10.jpeg 18w\" sizes=\"(max-width: 960px) 100vw, 960px\" title=\"\">\t\t\t\t\t\t\t\t\t\t\t\t\t<\/div>\n\t\t\t\t<\/div>\n\t\t\t\t\t<\/div>\n\t\t\t\t<\/div>\n\t\t<div class=\"elementor-element elementor-element-527c489 e-flex e-con-boxed e-con e-parent\" data-id=\"527c489\" data-element_type=\"container\">\n\t\t\t\t\t<div class=\"e-con-inner\">\n\t\t\t\t<div class=\"elementor-element elementor-element-0874222 elementor-widget elementor-widget-heading\" data-id=\"0874222\" data-element_type=\"widget\" data-widget_type=\"heading.default\">\n\t\t\t\t<div class=\"elementor-widget-container\">\n\t\t\t<h3 class=\"elementor-heading-title elementor-size-default\">Site plan<\/h3>\t\t<\/div>\n\t\t\t\t<\/div>\n\t\t\t\t\t<\/div>\n\t\t\t\t<\/div>\n\t\t<div class=\"elementor-element elementor-element-c0834d1 e-flex e-con-boxed e-con e-parent\" data-id=\"c0834d1\" data-element_type=\"container\">\n\t\t\t\t\t<div class=\"e-con-inner\">\n\t\t\t\t<div class=\"elementor-element elementor-element-b663717 elementor-widget elementor-widget-image\" data-id=\"b663717\" data-element_type=\"widget\" data-widget_type=\"image.default\">\n\t\t\t\t<div class=\"elementor-widget-container\">\n\t\t\t\t\t\t\t\t\t\t\t\t\t\t<a href=\"https:\/\/sterni-festival.ch\/wp-content\/uploads\/2024\/08\/Lageplan_v2.png\" data-elementor-open-lightbox=\"yes\" data-elementor-lightbox-title=\"Lageplan_v2\" data-e-action-hash=\"#elementor-action%3Aaction%3Dlightbox%26settings%3DeyJpZCI6MTMzOTAsInVybCI6Imh0dHBzOlwvXC9zdGVybmktZmVzdGl2YWwuY2hcL3dwLWNvbnRlbnRcL3VwbG9hZHNcLzIwMjRcLzA4XC9MYWdlcGxhbl92Mi5wbmcifQ%3D%3D\">\n\t\t\t\t\t\t\t<img decoding=\"async\" width=\"212\" height=\"300\" src=\"https:\/\/sterni-festival.ch\/wp-content\/uploads\/2024\/08\/Lageplan_v2-212x300.png\" class=\"attachment-medium size-medium wp-image-13390\" alt=\"\" srcset=\"https:\/\/sterni-festival.ch\/wp-content\/uploads\/2024\/08\/Lageplan_v2-212x300.png 212w, https:\/\/sterni-festival.ch\/wp-content\/uploads\/2024\/08\/Lageplan_v2-724x1024.png 724w, https:\/\/sterni-festival.ch\/wp-content\/uploads\/2024\/08\/Lageplan_v2-768x1086.png 768w, https:\/\/sterni-festival.ch\/wp-content\/uploads\/2024\/08\/Lageplan_v2-1086x1536.png 1086w, https:\/\/sterni-festival.ch\/wp-content\/uploads\/2024\/08\/Lageplan_v2-1448x2048.png 1448w, https:\/\/sterni-festival.ch\/wp-content\/uploads\/2024\/08\/Lageplan_v2-8x12.png 8w\" sizes=\"(max-width: 212px) 100vw, 212px\" title=\"\">\t\t\t\t\t\t\t\t<\/a>\n\t\t\t\t\t\t\t\t\t\t\t\t\t<\/div>\n\t\t\t\t<\/div>\n\t\t\t\t<div class=\"elementor-element elementor-element-2d8d9a8 elementor-widget elementor-widget-qodef_image_with_text_over\" data-id=\"2d8d9a8\" data-element_type=\"widget\" data-widget_type=\"qodef_image_with_text_over.default\">\n\t\t\t\t<div class=\"elementor-widget-container\">\n\t\t\t<div class=\"qodef-image-with-text-over\">\n    <div class=\"qodef-imto-image-holder\">\n            <\/div>\n    <div class=\"qodef-imto-text-holder\">\n        <div class=\"qodef-imto-text-holder-inner\">\n            <div class=\"qodef-imto-text-holder-inner2\">\n                                                            <\/div>\n        <\/div>\n    <\/div>\n\n<\/div>\t\t<\/div>\n\t\t\t\t<\/div>\n\t\t\t\t\t<\/div>\n\t\t\t\t<\/div>\n\t\t<div class=\"elementor-element elementor-element-6660c3c e-flex e-con-boxed e-con e-parent\" data-id=\"6660c3c\" data-element_type=\"container\">\n\t\t\t\t\t<div class=\"e-con-inner\">\n\t\t\t\t<div class=\"elementor-element elementor-element-68e51d0 elementor-widget elementor-widget-heading\" data-id=\"68e51d0\" data-element_type=\"widget\" data-widget_type=\"heading.default\">\n\t\t\t\t<div class=\"elementor-widget-container\">\n\t\t\t<h3 class=\"elementor-heading-title elementor-size-default\">Detailed Informations<\/h3>\t\t<\/div>\n\t\t\t\t<\/div>\n\t\t\t\t\t<\/div>\n\t\t\t\t<\/div>\n\t\t<div class=\"elementor-element elementor-element-9c5d3f9 e-flex e-con-boxed e-con e-parent\" data-id=\"9c5d3f9\" data-element_type=\"container\">\n\t\t\t\t\t<div class=\"e-con-inner\">\n\t\t<div class=\"elementor-element elementor-element-6503a07 e-con-full e-flex e-con e-child\" data-id=\"6503a07\" data-element_type=\"container\">\n\t\t\t\t<div class=\"elementor-element elementor-element-ae258f9 elementor-widget elementor-widget-heading\" data-id=\"ae258f9\" data-element_type=\"widget\" data-widget_type=\"heading.default\">\n\t\t\t\t<div class=\"elementor-widget-container\">\n\t\t\t<h3 class=\"elementor-heading-title elementor-size-default\">Waste\n<\/h3>\t\t<\/div>\n\t\t\t\t<\/div>\n\t\t\t\t<div class=\"elementor-element elementor-element-11e7046 elementor-widget elementor-widget-text-editor\" data-id=\"11e7046\" data-element_type=\"widget\" data-widget_type=\"text-editor.default\">\n\t\t\t\t<div class=\"elementor-widget-container\">\n\t\t\t\t\t\t\t<p>There are numerous waste garbage cans available. Aluminum, glass and pet can be disposed of at two recycling stations. Please throw your cigarette butts in the trash or in your pocket cups. We serve drinks in reusable cups to keep waste production to a minimum.<\/p>\t\t\t\t\t\t<\/div>\n\t\t\t\t<\/div>\n\t\t\t\t<div class=\"elementor-element elementor-element-c5294fb elementor-widget elementor-widget-heading\" data-id=\"c5294fb\" data-element_type=\"widget\" data-widget_type=\"heading.default\">\n\t\t\t\t<div class=\"elementor-widget-container\">\n\t\t\t<h3 class=\"elementor-heading-title elementor-size-default\">Arrival and departure\n<\/h3>\t\t<\/div>\n\t\t\t\t<\/div>\n\t\t\t\t<div class=\"elementor-element elementor-element-549dcdc elementor-widget elementor-widget-text-editor\" data-id=\"549dcdc\" data-element_type=\"widget\" data-widget_type=\"text-editor.default\">\n\t\t\t\t<div class=\"elementor-widget-container\">\n\t\t\t\t\t\t\t<p class=\" translation-block\">A shuttle service is organized for arrival and departure from Saland station.<br>The shuttle is free of charge and runs at the following times:<\/p><p><strong>Friday<\/strong>: <br \/>Shuttle: 17:30 -00:30<\/p><p><strong>Saturday<\/strong>: <br \/>Shuttle: 12:00 \u2013 16:00 and 19:00-00:30<br \/>Taxi: 16:00 \u2013 19:00; From 00:30<\/p><p><strong>Sunday<\/strong><br \/>Shuttle: 04:30 \u2013 10:00 and 13:00 \u2013 15:00<br \/>Taxi: 10:00 &#8211; 13:00<\/p><p class=\" translation-block\">Attention: There are no night trains from Saland. Last or first connection to Winterthur from Saland 00:16, platform 2 \/ 05:16, platform 2.\n\nCabs are available on call for a small fee (from approx. 5.- per person):\n+41 79 666 60 12 \/ +41 78 322 71 60 \/ +41 78 955 61 49<\/p><p class=\" translation-block\"><strong>There are no parking facilities near the festival.<\/strong> For the sporty ones, it is possible to arrive by bike or on foot.<\/p><p class=\" translation-block\">You can find the exact location for the non-motorised journey on  <strong><a href=\"https:\/\/goo.gl\/maps\/f8VBwnd8UXmb16MZ9\" target=\"_blank\" rel=\"noopener\">\ud83d\udccdGoogle Maps<\/a>\u00a0<\/strong>or here as coordinates:\u00a0<br>47.398806669368106, 8.88694673272058<\/p>\t\t\t\t\t\t<\/div>\n\t\t\t\t<\/div>\n\t\t\t\t<div class=\"elementor-element elementor-element-ac432ac elementor-widget elementor-widget-heading\" data-id=\"ac432ac\" data-element_type=\"widget\" data-widget_type=\"heading.default\">\n\t\t\t\t<div class=\"elementor-widget-container\">\n\t\t\t<h3 class=\"elementor-heading-title elementor-size-default\">Awareness<\/h3>\t\t<\/div>\n\t\t\t\t<\/div>\n\t\t\t\t<div class=\"elementor-element elementor-element-584bf6a elementor-widget elementor-widget-text-editor\" data-id=\"584bf6a\" data-element_type=\"widget\" data-widget_type=\"text-editor.default\">\n\t\t\t\t<div class=\"elementor-widget-container\">\n\t\t\t\t\t\t\t<p>The Sterni Festival should be a place where everyone feels comfortable and accepted, regardless of skin color, gender, origin, social class, sexual orientation, religion, etc. So that we can offer you a safe festival experience without discrimination, a professional awareness team will be on site, which you can contact at any time.<\/p>\t\t\t\t\t\t<\/div>\n\t\t\t\t<\/div>\n\t\t\t\t<\/div>\n\t\t<div class=\"elementor-element elementor-element-21cec5b e-con-full e-flex e-con e-child\" data-id=\"21cec5b\" data-element_type=\"container\">\n\t\t\t\t<div class=\"elementor-element elementor-element-2e1972f elementor-widget elementor-widget-heading\" data-id=\"2e1972f\" data-element_type=\"widget\" data-widget_type=\"heading.default\">\n\t\t\t\t<div class=\"elementor-widget-container\">\n\t\t\t<h3 class=\"elementor-heading-title elementor-size-default\">Camping<\/h3>\t\t<\/div>\n\t\t\t\t<\/div>\n\t\t\t\t<div class=\"elementor-element elementor-element-eccb8ae elementor-widget elementor-widget-text-editor\" data-id=\"eccb8ae\" data-element_type=\"widget\" data-widget_type=\"text-editor.default\">\n\t\t\t\t<div class=\"elementor-widget-container\">\n\t\t\t\t\t\t\t<p>Es gibt die M\u00f6glichkeit, auf dem Gel\u00e4nde mit dem Zelt zu campen. Der Campingplatz ist von Freitag 17:00 bis Sonntag 15:00 ge\u00f6ffnet. F\u00fcr das Campieren wird ein Camping Ticket ben\u00f6tigt (ohne Aufpreis \/ begrenzte Anzahl). Es gibt vor Ort KEINE M\u00f6glichkeit mit einem Wohnwagen, Van, oder Wohnmobil anzureisen!\u00a0<\/p><p>Open fires are not permitted. Access to the toilets and drinking water is possible at all times. There are no showers on the site.<\/p><p>In cooperation with the Sternen restaurant, there is the option of staying in a cozy 6-bed room, breakfast included. Your bed is a 30-minute walk from the festival or can be reached by cab shuttle for a small tip. Reservations under: <a href=\"https:\/\/sternen-sternenberg.ch\/zimmer\/\" target=\"_blank\" rel=\"noopener\">https:\/\/sternen-sternenberg.ch\/zimmer\/<\/a><\/p>\t\t\t\t\t\t<\/div>\n\t\t\t\t<\/div>\n\t\t\t\t<div class=\"elementor-element elementor-element-bbbc2b2 elementor-widget elementor-widget-heading\" data-id=\"bbbc2b2\" data-element_type=\"widget\" data-widget_type=\"heading.default\">\n\t\t\t\t<div class=\"elementor-widget-container\">\n\t\t\t<h3 class=\"elementor-heading-title elementor-size-default\">Admission<\/h3>\t\t<\/div>\n\t\t\t\t<\/div>\n\t\t\t\t<div class=\"elementor-element elementor-element-1f9c1a5 elementor-widget elementor-widget-text-editor\" data-id=\"1f9c1a5\" data-element_type=\"widget\" data-widget_type=\"text-editor.default\">\n\t\t\t\t<div class=\"elementor-widget-container\">\n\t\t\t\t\t\t\t<p>Children under the age of 16 must be accompanied by an adult. Children and young people under the age of 18 are not allowed on the festival grounds after 24:00 and will be expelled by the security service.<\/p>\t\t\t\t\t\t<\/div>\n\t\t\t\t<\/div>\n\t\t\t\t<div class=\"elementor-element elementor-element-d0f8465 elementor-widget elementor-widget-heading\" data-id=\"d0f8465\" data-element_type=\"widget\" data-widget_type=\"heading.default\">\n\t\t\t\t<div class=\"elementor-widget-container\">\n\t\t\t<h3 class=\"elementor-heading-title elementor-size-default\">Fotos<\/h3>\t\t<\/div>\n\t\t\t\t<\/div>\n\t\t<div class=\"elementor-element elementor-element-8ae796d e-con-full e-flex e-con e-child\" data-id=\"8ae796d\" data-element_type=\"container\" data-settings=\"{&quot;background_background&quot;:&quot;classic&quot;}\">\n\t\t\t\t<div class=\"elementor-element elementor-element-004b2f7 elementor-widget elementor-widget-text-editor\" data-id=\"004b2f7\" data-element_type=\"widget\" data-widget_type=\"text-editor.default\">\n\t\t\t\t<div class=\"elementor-widget-container\">\n\t\t\t\t\t\t\t<p class=\" translation-block\">Once again this year, the Sterni Festival will be sending out photographers to capture the festival events. You can find pictures from last year<\/p>\t\t\t\t\t\t<\/div>\n\t\t\t\t<\/div>\n\t\t\t\t<div class=\"elementor-element elementor-element-71f593f elementor-widget elementor-widget-heading\" data-id=\"71f593f\" data-element_type=\"widget\" data-widget_type=\"heading.default\">\n\t\t\t\t<div class=\"elementor-widget-container\">\n\t\t\t<h3 class=\"elementor-heading-title elementor-size-default\">Families<\/h3>\t\t<\/div>\n\t\t\t\t<\/div>\n\t\t\t\t<div class=\"elementor-element elementor-element-a853a3e elementor-widget elementor-widget-text-editor\" data-id=\"a853a3e\" data-element_type=\"widget\" data-widget_type=\"text-editor.default\">\n\t\t\t\t<div class=\"elementor-widget-container\">\n\t\t\t\t\t\t\t<p><span style=\"font-weight: 400;\">Families and children are very welcome. This year there is a play area and a children's program in the afternoon.<\/span><\/p>\t\t\t\t\t\t<\/div>\n\t\t\t\t<\/div>\n\t\t\t\t<div class=\"elementor-element elementor-element-26135bb elementor-widget elementor-widget-heading\" data-id=\"26135bb\" data-element_type=\"widget\" data-widget_type=\"heading.default\">\n\t\t\t\t<div class=\"elementor-widget-container\">\n\t\t\t<h3 class=\"elementor-heading-title elementor-size-default\">Drinks and food\n<\/h3>\t\t<\/div>\n\t\t\t\t<\/div>\n\t\t\t\t<div class=\"elementor-element elementor-element-9c4f4d2 elementor-widget elementor-widget-text-editor\" data-id=\"9c4f4d2\" data-element_type=\"widget\" data-widget_type=\"text-editor.default\">\n\t\t\t\t<div class=\"elementor-widget-container\">\n\t\t\t\t\t\t\t<p>Your catering will also be taken care of. There will be a bar with a small but fine selection of refreshing alcoholic and non-alcoholic drinks, as well as various food stalls (vegetarian). For the campers there will be a brunch offer with collections on Saturday morning.<\/p><p>Bring your own cups and dishes and help us to save resources. (For the forgetful among you, we will provide reusable cups).<\/p><p>Bringing your own alcoholic beverages is not permitted and is very detrimental to our festival economy. The Sterni Festival is a non-profit organisation, which is why we rely heavily on this income.<\/p>\t\t\t\t\t\t<\/div>\n\t\t\t\t<\/div>\n\t\t\t\t<\/div>\n\t\t\t\t<\/div>\n\t\t<div class=\"elementor-element elementor-element-4ddfb61 e-con-full e-flex e-con e-child\" data-id=\"4ddfb61\" data-element_type=\"container\">\n\t\t\t\t<div class=\"elementor-element elementor-element-684de4c elementor-widget elementor-widget-heading\" data-id=\"684de4c\" data-element_type=\"widget\" data-widget_type=\"heading.default\">\n\t\t\t\t<div class=\"elementor-widget-container\">\n\t\t\t<h3 class=\"elementor-heading-title elementor-size-default\">Dogs<\/h3>\t\t<\/div>\n\t\t\t\t<\/div>\n\t\t\t\t<div class=\"elementor-element elementor-element-bc2016c elementor-widget elementor-widget-text-editor\" data-id=\"bc2016c\" data-element_type=\"widget\" data-widget_type=\"text-editor.default\">\n\t\t\t\t<div class=\"elementor-widget-container\">\n\t\t\t\t\t\t\t<p>Please leave your dogs at home&nbsp;<\/p>\t\t\t\t\t\t<\/div>\n\t\t\t\t<\/div>\n\t\t\t\t<div class=\"elementor-element elementor-element-96a26c7 elementor-widget elementor-widget-heading\" data-id=\"96a26c7\" data-element_type=\"widget\" data-widget_type=\"heading.default\">\n\t\t\t\t<div class=\"elementor-widget-container\">\n\t\t\t<h3 class=\"elementor-heading-title elementor-size-default\">Co-design\n<\/h3>\t\t<\/div>\n\t\t\t\t<\/div>\n\t\t\t\t<div class=\"elementor-element elementor-element-1efc779 elementor-widget elementor-widget-text-editor\" data-id=\"1efc779\" data-element_type=\"widget\" data-widget_type=\"text-editor.default\">\n\t\t\t\t<div class=\"elementor-widget-container\">\n\t\t\t\t\t\t\t<p class=\" translation-block\">Would you like to be part of the festival crew? You can find more information under the following link:  <strong><a href=\"https:\/\/sterni-festival.ch\/mithelfen\/\" target=\"_self\">Support<\/a><\/strong><\/p>\t\t\t\t\t\t<\/div>\n\t\t\t\t<\/div>\n\t\t\t\t<div class=\"elementor-element elementor-element-439621a elementor-widget elementor-widget-heading\" data-id=\"439621a\" data-element_type=\"widget\" data-widget_type=\"heading.default\">\n\t\t\t\t<div class=\"elementor-widget-container\">\n\t\t\t<h3 class=\"elementor-heading-title elementor-size-default\">Opening hours<\/h3>\t\t<\/div>\n\t\t\t\t<\/div>\n\t\t\t\t<div class=\"elementor-element elementor-element-d6fa2ef elementor-widget elementor-widget-text-editor\" data-id=\"d6fa2ef\" data-element_type=\"widget\" data-widget_type=\"text-editor.default\">\n\t\t\t\t<div class=\"elementor-widget-container\">\n\t\t\t\t\t\t\t<p>The site is open as follows:<\/p><p class=\" translation-block\">Fri 17:30 - Sat 02:00 (music from 18:30)<br>Sat 09:00 - Sun 10:00 (music from 14:00)<\/p>\t\t\t\t\t\t<\/div>\n\t\t\t\t<\/div>\n\t\t\t\t<div class=\"elementor-element elementor-element-5b90087 elementor-widget elementor-widget-heading\" data-id=\"5b90087\" data-element_type=\"widget\" data-widget_type=\"heading.default\">\n\t\t\t\t<div class=\"elementor-widget-container\">\n\t\t\t<h3 class=\"elementor-heading-title elementor-size-default\">Parking lots<\/h3>\t\t<\/div>\n\t\t\t\t<\/div>\n\t\t\t\t<div class=\"elementor-element elementor-element-7947d8c elementor-widget elementor-widget-text-editor\" data-id=\"7947d8c\" data-element_type=\"widget\" data-widget_type=\"text-editor.default\">\n\t\t\t\t<div class=\"elementor-widget-container\">\n\t\t\t\t\t\t\t<p class=\" translation-block\">On the weekend of the Sterni Festival there are only <span>very limited parking spaces available in Saland and the surrounding area!<\/span> There are several events in the area on the same weekend. Therefore, please use our shuttle service from Saland train station: (approx. 10min drive to the festival site). The following parking areas are available for the festival:<\/p><p><strong><a href=\"https:\/\/maps.app.goo.gl\/LH2AFrhtiuVEuZ3n9\" target=\"_blank\" rel=\"noopener\">\ud83d\udccdParkplatz 1<\/a><\/strong>\u00a0<\/p><p><a href=\"https:\/\/maps.app.goo.gl\/3KNcvyr1XMRwahHw6\" target=\"_blank\" rel=\"noopener\"><strong>\ud83d\udccdParkplatz 2<\/strong><\/a><\/p>\t\t\t\t\t\t<\/div>\n\t\t\t\t<\/div>\n\t\t\t\t<div class=\"elementor-element elementor-element-a885605 elementor-widget elementor-widget-heading\" data-id=\"a885605\" data-element_type=\"widget\" data-widget_type=\"heading.default\">\n\t\t\t\t<div class=\"elementor-widget-container\">\n\t\t\t<h3 class=\"elementor-heading-title elementor-size-default\">Program<\/h3>\t\t<\/div>\n\t\t\t\t<\/div>\n\t\t\t\t<div class=\"elementor-element elementor-element-ad8e8d9 elementor-widget elementor-widget-text-editor\" data-id=\"ad8e8d9\" data-element_type=\"widget\" data-widget_type=\"text-editor.default\">\n\t\t\t\t<div class=\"elementor-widget-container\">\n\t\t\t\t\t\t\t<p>Our program aims to provide a platform for newcomers and established musicians from the region.<\/p><p>In the afternoon, a variety of acoustic artists (singers, songwriters, rock, world music and pop) will treat us to their sounds. From sunset onwards, various DJs and live electronic music acts will shape the program, starting with house\/techno and psychedelic trance until the early hours of the morning.<\/p>\t\t\t\t\t\t<\/div>\n\t\t\t\t<\/div>\n\t\t\t\t<div class=\"elementor-element elementor-element-fe949c6 elementor-widget elementor-widget-heading\" data-id=\"fe949c6\" data-element_type=\"widget\" data-widget_type=\"heading.default\">\n\t\t\t\t<div class=\"elementor-widget-container\">\n\t\t\t<h3 class=\"elementor-heading-title elementor-size-default\">Weather<\/h3>\t\t<\/div>\n\t\t\t\t<\/div>\n\t\t\t\t<div class=\"elementor-element elementor-element-5da6d35 elementor-widget elementor-widget-text-editor\" data-id=\"5da6d35\" data-element_type=\"widget\" data-widget_type=\"text-editor.default\">\n\t\t\t\t<div class=\"elementor-widget-container\">\n\t\t\t\t\t\t\t<p>Once again this year, we will make sure that you can dance in the dry<\/p>\t\t\t\t\t\t<\/div>\n\t\t\t\t<\/div>\n\t\t\t\t<\/div>\n\t\t\t\t\t<\/div>\n\t\t\t\t<\/div>\n\t\t\t\t<\/div>","protected":false},"excerpt":{"rendered":"<p>Alle Infos Das Sterni-Festival geht dieses Jahr in die zweite Runde und findet vom Fri 23.08.- So 25.08.24 statt. Wir laden euch ein, mitten in der Natur des sch\u00f6nen Sternenbergs zu ausgew\u00e4hlten regionalen Bands, DJ`s und Live Acts zu tanzen. Abseits dem grossen Tumult der&#8230;<\/p>","protected":false},"author":1,"featured_media":0,"parent":0,"menu_order":0,"comment_status":"closed","ping_status":"closed","template":"elementor_header_footer","meta":{"footnotes":""},"class_list":["post-1078","page","type-page","status-publish","hentry"],"_links":{"self":[{"href":"https:\/\/sterni-festival.ch\/en\/wp-json\/wp\/v2\/pages\/1078","targetHints":{"allow":["GET"]}}],"collection":[{"href":"https:\/\/sterni-festival.ch\/en\/wp-json\/wp\/v2\/pages"}],"about":[{"href":"https:\/\/sterni-festival.ch\/en\/wp-json\/wp\/v2\/types\/page"}],"author":[{"embeddable":true,"href":"https:\/\/sterni-festival.ch\/en\/wp-json\/wp\/v2\/users\/1"}],"replies":[{"embeddable":true,"href":"https:\/\/sterni-festival.ch\/en\/wp-json\/wp\/v2\/comments?post=1078"}],"version-history":[{"count":190,"href":"https:\/\/sterni-festival.ch\/en\/wp-json\/wp\/v2\/pages\/1078\/revisions"}],"predecessor-version":[{"id":13412,"href":"https:\/\/sterni-festival.ch\/en\/wp-json\/wp\/v2\/pages\/1078\/revisions\/13412"}],"wp:attachment":[{"href":"https:\/\/sterni-festival.ch\/en\/wp-json\/wp\/v2\/media?parent=1078"}],"curies":[{"name":"wp","href":"https:\/\/api.w.org\/{rel}","templated":true}]}}