{"id":12751,"date":"2024-04-13T08:53:50","date_gmt":"2024-04-13T06:53:50","guid":{"rendered":"https:\/\/sterni-festival.ch\/?page_id=12751"},"modified":"2024-07-21T14:45:44","modified_gmt":"2024-07-21T12:45:44","slug":"partner","status":"publish","type":"page","link":"https:\/\/sterni-festival.ch\/en\/partner\/","title":{"rendered":"Partner"},"content":{"rendered":"<div data-elementor-type=\"wp-page\" data-elementor-id=\"12751\" class=\"elementor elementor-12751\" data-elementor-post-type=\"page\">\n\t\t\t\t<div class=\"elementor-element elementor-element-7f5da74 e-flex e-con-boxed e-con e-parent\" data-id=\"7f5da74\" data-element_type=\"container\">\n\t\t\t\t\t<div class=\"e-con-inner\">\n\t\t\t\t<div class=\"elementor-element elementor-element-d205e89 elementor-widget elementor-widget-text-editor\" data-id=\"d205e89\" data-element_type=\"widget\" data-widget_type=\"text-editor.default\">\n\t\t\t\t<div class=\"elementor-widget-container\">\n\t\t\t<style>\/*! elementor - v3.23.0 - 05-08-2024 *\/\n.elementor-widget-text-editor.elementor-drop-cap-view-stacked .elementor-drop-cap{background-color:#69727d;color:#fff}.elementor-widget-text-editor.elementor-drop-cap-view-framed .elementor-drop-cap{color:#69727d;border:3px solid;background-color:transparent}.elementor-widget-text-editor:not(.elementor-drop-cap-view-default) .elementor-drop-cap{margin-top:8px}.elementor-widget-text-editor:not(.elementor-drop-cap-view-default) .elementor-drop-cap-letter{width:1em;height:1em}.elementor-widget-text-editor .elementor-drop-cap{float:left;text-align:center;line-height:1;font-size:50px}.elementor-widget-text-editor .elementor-drop-cap-letter{display:inline-block}<\/style>\t\t\t\t<p>The Sterni Festival would not be possible without our local partners and friends. Thank you very much for your contribution. Financially or organizationally \u2665.\u00a0<\/p>\t\t\t\t\t\t<\/div>\n\t\t\t\t<\/div>\n\t\t\t\t\t<\/div>\n\t\t\t\t<\/div>\n\t\t<div class=\"elementor-element elementor-element-67207b9 e-flex e-con-boxed e-con e-parent\" data-id=\"67207b9\" data-element_type=\"container\">\n\t\t\t\t\t<div class=\"e-con-inner\">\n\t\t<div class=\"elementor-element elementor-element-200e5a8 e-con-full e-flex e-con e-child\" data-id=\"200e5a8\" data-element_type=\"container\">\n\t\t\t\t<div class=\"elementor-element elementor-element-92846ca elementor-widget elementor-widget-image\" data-id=\"92846ca\" data-element_type=\"widget\" data-widget_type=\"image.default\">\n\t\t\t\t<div class=\"elementor-widget-container\">\n\t\t\t<style>\/*! elementor - v3.23.0 - 05-08-2024 *\/\n.elementor-widget-image{text-align:center}.elementor-widget-image a{display:inline-block}.elementor-widget-image a img[src$=\".svg\"]{width:48px}.elementor-widget-image img{vertical-align:middle;display:inline-block}<\/style>\t\t\t\t\t\t\t\t\t\t\t<a href=\"https:\/\/stadtchaeller.club\" target=\"_blank\" rel=\"noopener\">\n\t\t\t\t\t\t\t<img fetchpriority=\"high\" decoding=\"async\" width=\"1024\" height=\"183\" src=\"https:\/\/sterni-festival.ch\/wp-content\/uploads\/2024\/04\/Stadtchaeller-1024x183.png\" class=\"attachment-large size-large wp-image-12718\" alt=\"\" srcset=\"https:\/\/sterni-festival.ch\/wp-content\/uploads\/2024\/04\/Stadtchaeller-1024x183.png 1024w, https:\/\/sterni-festival.ch\/wp-content\/uploads\/2024\/04\/Stadtchaeller-300x54.png 300w, https:\/\/sterni-festival.ch\/wp-content\/uploads\/2024\/04\/Stadtchaeller-768x137.png 768w, https:\/\/sterni-festival.ch\/wp-content\/uploads\/2024\/04\/Stadtchaeller.png 1183w\" sizes=\"(max-width: 1024px) 100vw, 1024px\" title=\"\">\t\t\t\t\t\t\t\t<\/a>\n\t\t\t\t\t\t\t\t\t\t\t\t\t<\/div>\n\t\t\t\t<\/div>\n\t\t\t\t<\/div>\n\t\t<div class=\"elementor-element elementor-element-6120744 e-con-full e-flex e-con e-child\" data-id=\"6120744\" data-element_type=\"container\">\n\t\t\t\t<div class=\"elementor-element elementor-element-d2ac233 elementor-widget elementor-widget-image\" data-id=\"d2ac233\" data-element_type=\"widget\" data-widget_type=\"image.default\">\n\t\t\t\t<div class=\"elementor-widget-container\">\n\t\t\t\t\t\t\t\t\t\t\t\t\t\t<a href=\"https:\/\/mmsolutions.ch\/\" target=\"_blank\" rel=\"noopener\">\n\t\t\t\t\t\t\t<img decoding=\"async\" width=\"500\" height=\"500\" src=\"https:\/\/sterni-festival.ch\/wp-content\/uploads\/2024\/04\/Sponsor_mmsolutions_.png\" class=\"attachment-qi_addons_for_elementor_image_size_huge-square size-qi_addons_for_elementor_image_size_huge-square wp-image-12823\" alt=\"\" srcset=\"https:\/\/sterni-festival.ch\/wp-content\/uploads\/2024\/04\/Sponsor_mmsolutions_.png 500w, https:\/\/sterni-festival.ch\/wp-content\/uploads\/2024\/04\/Sponsor_mmsolutions_-300x300.png 300w, https:\/\/sterni-festival.ch\/wp-content\/uploads\/2024\/04\/Sponsor_mmsolutions_-150x150.png 150w\" sizes=\"(max-width: 500px) 100vw, 500px\" title=\"\">\t\t\t\t\t\t\t\t<\/a>\n\t\t\t\t\t\t\t\t\t\t\t\t\t<\/div>\n\t\t\t\t<\/div>\n\t\t\t\t<\/div>\n\t\t<div class=\"elementor-element elementor-element-d122a72 e-con-full e-flex e-con e-child\" data-id=\"d122a72\" data-element_type=\"container\">\n\t\t\t\t<div class=\"elementor-element elementor-element-d5bf3b1 elementor-widget elementor-widget-image\" data-id=\"d5bf3b1\" data-element_type=\"widget\" data-widget_type=\"image.default\">\n\t\t\t\t<div class=\"elementor-widget-container\">\n\t\t\t\t\t\t\t\t\t\t\t\t\t\t<a href=\"https:\/\/www.dna-system.ch\/\" target=\"_blank\" rel=\"noopener\">\n\t\t\t\t\t\t\t<img decoding=\"async\" width=\"150\" height=\"150\" src=\"https:\/\/sterni-festival.ch\/wp-content\/uploads\/2024\/04\/DNASystem-150x150.png\" class=\"attachment-thumbnail size-thumbnail wp-image-12716\" alt=\"\" srcset=\"https:\/\/sterni-festival.ch\/wp-content\/uploads\/2024\/04\/DNASystem-150x150.png 150w, https:\/\/sterni-festival.ch\/wp-content\/uploads\/2024\/04\/DNASystem-550x550.png 550w, https:\/\/sterni-festival.ch\/wp-content\/uploads\/2024\/04\/DNASystem-1000x1000.png 1000w, https:\/\/sterni-festival.ch\/wp-content\/uploads\/2024\/04\/DNASystem-650x650.png 650w, https:\/\/sterni-festival.ch\/wp-content\/uploads\/2024\/04\/DNASystem-1300x1300.png 1300w\" sizes=\"(max-width: 150px) 100vw, 150px\" title=\"\">\t\t\t\t\t\t\t\t<\/a>\n\t\t\t\t\t\t\t\t\t\t\t\t\t<\/div>\n\t\t\t\t<\/div>\n\t\t\t\t<\/div>\n\t\t<div class=\"elementor-element elementor-element-9e3c165 e-con-full e-flex e-con e-child\" data-id=\"9e3c165\" data-element_type=\"container\">\n\t\t\t\t<div class=\"elementor-element elementor-element-d99c8bc elementor-widget elementor-widget-image\" data-id=\"d99c8bc\" data-element_type=\"widget\" data-widget_type=\"image.default\">\n\t\t\t\t<div class=\"elementor-widget-container\">\n\t\t\t\t\t\t\t\t\t\t\t\t\t\t<a href=\"https:\/\/hofprodukte-saland.com\/\" target=\"_blank\" rel=\"noopener\">\n\t\t\t\t\t\t\t<img loading=\"lazy\" decoding=\"async\" width=\"1024\" height=\"581\" src=\"https:\/\/sterni-festival.ch\/wp-content\/uploads\/2024\/03\/Sponsor_GirentobelHofladen-1024x581.png\" class=\"attachment-large size-large wp-image-12251\" alt=\"\" srcset=\"https:\/\/sterni-festival.ch\/wp-content\/uploads\/2024\/03\/Sponsor_GirentobelHofladen-1024x581.png 1024w, https:\/\/sterni-festival.ch\/wp-content\/uploads\/2024\/03\/Sponsor_GirentobelHofladen-300x170.png 300w, https:\/\/sterni-festival.ch\/wp-content\/uploads\/2024\/03\/Sponsor_GirentobelHofladen-768x436.png 768w, https:\/\/sterni-festival.ch\/wp-content\/uploads\/2024\/03\/Sponsor_GirentobelHofladen-1536x872.png 1536w, https:\/\/sterni-festival.ch\/wp-content\/uploads\/2024\/03\/Sponsor_GirentobelHofladen.png 1858w\" sizes=\"(max-width: 1024px) 100vw, 1024px\" title=\"\">\t\t\t\t\t\t\t\t<\/a>\n\t\t\t\t\t\t\t\t\t\t\t\t\t<\/div>\n\t\t\t\t<\/div>\n\t\t\t\t<\/div>\n\t\t<div class=\"elementor-element elementor-element-e4ee955 e-con-full e-flex e-con e-child\" data-id=\"e4ee955\" data-element_type=\"container\">\n\t\t\t\t<div class=\"elementor-element elementor-element-5c14de0 elementor-widget elementor-widget-image\" data-id=\"5c14de0\" data-element_type=\"widget\" data-widget_type=\"image.default\">\n\t\t\t\t<div class=\"elementor-widget-container\">\n\t\t\t\t\t\t\t\t\t\t\t\t\t\t<a href=\"https:\/\/www.zuerioberland.ch\/\" target=\"_blank\" rel=\"noopener\">\n\t\t\t\t\t\t\t<img loading=\"lazy\" decoding=\"async\" width=\"300\" height=\"300\" src=\"https:\/\/sterni-festival.ch\/wp-content\/uploads\/2024\/03\/Sponsor_ZueriOberland_Transparent-300x300.png\" class=\"attachment-medium size-medium wp-image-12260\" alt=\"\" srcset=\"https:\/\/sterni-festival.ch\/wp-content\/uploads\/2024\/03\/Sponsor_ZueriOberland_Transparent-300x300.png 300w, https:\/\/sterni-festival.ch\/wp-content\/uploads\/2024\/03\/Sponsor_ZueriOberland_Transparent-150x150.png 150w, https:\/\/sterni-festival.ch\/wp-content\/uploads\/2024\/03\/Sponsor_ZueriOberland_Transparent.png 500w\" sizes=\"(max-width: 300px) 100vw, 300px\" title=\"\">\t\t\t\t\t\t\t\t<\/a>\n\t\t\t\t\t\t\t\t\t\t\t\t\t<\/div>\n\t\t\t\t<\/div>\n\t\t\t\t<\/div>\n\t\t<div class=\"elementor-element elementor-element-3e7c248 e-con-full e-flex e-con e-child\" data-id=\"3e7c248\" data-element_type=\"container\">\n\t\t\t\t<div class=\"elementor-element elementor-element-e48d715 elementor-widget elementor-widget-image\" data-id=\"e48d715\" data-element_type=\"widget\" data-widget_type=\"image.default\">\n\t\t\t\t<div class=\"elementor-widget-container\">\n\t\t\t\t\t\t\t\t\t\t\t\t\t\t<a href=\"https:\/\/www.vilter.ch\/\" target=\"_blank\" rel=\"noopener\">\n\t\t\t\t\t\t\t<img loading=\"lazy\" decoding=\"async\" width=\"594\" height=\"420\" src=\"https:\/\/sterni-festival.ch\/wp-content\/uploads\/2024\/03\/Sponsor_Vilter_transparent.png\" class=\"attachment-large size-large wp-image-12259\" alt=\"\" srcset=\"https:\/\/sterni-festival.ch\/wp-content\/uploads\/2024\/03\/Sponsor_Vilter_transparent.png 594w, https:\/\/sterni-festival.ch\/wp-content\/uploads\/2024\/03\/Sponsor_Vilter_transparent-300x212.png 300w\" sizes=\"(max-width: 594px) 100vw, 594px\" title=\"\">\t\t\t\t\t\t\t\t<\/a>\n\t\t\t\t\t\t\t\t\t\t\t\t\t<\/div>\n\t\t\t\t<\/div>\n\t\t\t\t<\/div>\n\t\t\t\t\t<\/div>\n\t\t\t\t<\/div>\n\t\t<div class=\"elementor-element elementor-element-ddfabee e-flex e-con-boxed e-con e-parent\" data-id=\"ddfabee\" data-element_type=\"container\">\n\t\t\t\t\t<div class=\"e-con-inner\">\n\t\t<div class=\"elementor-element elementor-element-a7e7c64 e-con-full e-flex e-con e-child\" data-id=\"a7e7c64\" data-element_type=\"container\">\n\t\t\t\t<div class=\"elementor-element elementor-element-7cb19b7 elementor-widget elementor-widget-image\" data-id=\"7cb19b7\" data-element_type=\"widget\" data-widget_type=\"image.default\">\n\t\t\t\t<div class=\"elementor-widget-container\">\n\t\t\t\t\t\t\t\t\t\t\t\t\t<img loading=\"lazy\" decoding=\"async\" width=\"500\" height=\"500\" src=\"https:\/\/sterni-festival.ch\/wp-content\/uploads\/2024\/04\/Sponsor_VogelEventtechnik.png\" class=\"attachment-large size-large wp-image-12938\" alt=\"\" srcset=\"https:\/\/sterni-festival.ch\/wp-content\/uploads\/2024\/04\/Sponsor_VogelEventtechnik.png 500w, https:\/\/sterni-festival.ch\/wp-content\/uploads\/2024\/04\/Sponsor_VogelEventtechnik-300x300.png 300w, https:\/\/sterni-festival.ch\/wp-content\/uploads\/2024\/04\/Sponsor_VogelEventtechnik-150x150.png 150w, https:\/\/sterni-festival.ch\/wp-content\/uploads\/2024\/04\/Sponsor_VogelEventtechnik-12x12.png 12w\" sizes=\"(max-width: 500px) 100vw, 500px\" title=\"\">\t\t\t\t\t\t\t\t\t\t\t\t\t<\/div>\n\t\t\t\t<\/div>\n\t\t\t\t<\/div>\n\t\t<div class=\"elementor-element elementor-element-2665007 e-con-full e-flex e-con e-child\" data-id=\"2665007\" data-element_type=\"container\">\n\t\t\t\t<div class=\"elementor-element elementor-element-21081bb elementor-widget elementor-widget-image\" data-id=\"21081bb\" data-element_type=\"widget\" data-widget_type=\"image.default\">\n\t\t\t\t<div class=\"elementor-widget-container\">\n\t\t\t\t\t\t\t\t\t\t\t\t\t<img loading=\"lazy\" decoding=\"async\" width=\"268\" height=\"300\" src=\"https:\/\/sterni-festival.ch\/wp-content\/uploads\/2024\/04\/logo-ahoihill-L-white-1-268x300.png\" class=\"attachment-medium size-medium wp-image-12960\" alt=\"\" srcset=\"https:\/\/sterni-festival.ch\/wp-content\/uploads\/2024\/04\/logo-ahoihill-L-white-1-268x300.png 268w, https:\/\/sterni-festival.ch\/wp-content\/uploads\/2024\/04\/logo-ahoihill-L-white-1-915x1024.png 915w, https:\/\/sterni-festival.ch\/wp-content\/uploads\/2024\/04\/logo-ahoihill-L-white-1-768x859.png 768w, https:\/\/sterni-festival.ch\/wp-content\/uploads\/2024\/04\/logo-ahoihill-L-white-1-11x12.png 11w, https:\/\/sterni-festival.ch\/wp-content\/uploads\/2024\/04\/logo-ahoihill-L-white-1.png 1000w\" sizes=\"(max-width: 268px) 100vw, 268px\" title=\"\">\t\t\t\t\t\t\t\t\t\t\t\t\t<\/div>\n\t\t\t\t<\/div>\n\t\t\t\t<\/div>\n\t\t<div class=\"elementor-element elementor-element-988208a e-con-full e-flex e-con e-child\" data-id=\"988208a\" data-element_type=\"container\">\n\t\t\t\t<div class=\"elementor-element elementor-element-f4ff035 elementor-widget elementor-widget-image\" data-id=\"f4ff035\" data-element_type=\"widget\" data-widget_type=\"image.default\">\n\t\t\t\t<div class=\"elementor-widget-container\">\n\t\t\t\t\t\t\t\t\t\t\t\t\t<img loading=\"lazy\" decoding=\"async\" width=\"300\" height=\"137\" src=\"https:\/\/sterni-festival.ch\/wp-content\/uploads\/2024\/04\/Preisig_Logo__1_-removebg-preview.png\" class=\"attachment-mixtape_qodef_square size-mixtape_qodef_square wp-image-12961\" alt=\"\" srcset=\"https:\/\/sterni-festival.ch\/wp-content\/uploads\/2024\/04\/Preisig_Logo__1_-removebg-preview.png 300w, https:\/\/sterni-festival.ch\/wp-content\/uploads\/2024\/04\/Preisig_Logo__1_-removebg-preview-18x8.png 18w\" sizes=\"(max-width: 300px) 100vw, 300px\" title=\"\">\t\t\t\t\t\t\t\t\t\t\t\t\t<\/div>\n\t\t\t\t<\/div>\n\t\t\t\t<\/div>\n\t\t<div class=\"elementor-element elementor-element-d2223d4 e-con-full e-flex e-con e-child\" data-id=\"d2223d4\" data-element_type=\"container\">\n\t\t\t\t<div class=\"elementor-element elementor-element-cd63f77 elementor-widget elementor-widget-image\" data-id=\"cd63f77\" data-element_type=\"widget\" data-widget_type=\"image.default\">\n\t\t\t\t<div class=\"elementor-widget-container\">\n\t\t\t\t\t\t\t\t\t\t\t\t\t<img loading=\"lazy\" decoding=\"async\" width=\"240\" height=\"300\" src=\"https:\/\/sterni-festival.ch\/wp-content\/uploads\/2024\/04\/Logo_Sternen__1_-removebg-preview-240x300.png\" class=\"attachment-medium size-medium wp-image-12962\" alt=\"\" srcset=\"https:\/\/sterni-festival.ch\/wp-content\/uploads\/2024\/04\/Logo_Sternen__1_-removebg-preview-240x300.png 240w, https:\/\/sterni-festival.ch\/wp-content\/uploads\/2024\/04\/Logo_Sternen__1_-removebg-preview-10x12.png 10w, https:\/\/sterni-festival.ch\/wp-content\/uploads\/2024\/04\/Logo_Sternen__1_-removebg-preview.png 447w\" sizes=\"(max-width: 240px) 100vw, 240px\" title=\"\">\t\t\t\t\t\t\t\t\t\t\t\t\t<\/div>\n\t\t\t\t<\/div>\n\t\t\t\t<\/div>\n\t\t<div class=\"elementor-element elementor-element-5a2e046 e-con-full e-flex e-con e-child\" data-id=\"5a2e046\" data-element_type=\"container\">\n\t\t\t\t<\/div>\n\t\t<div class=\"elementor-element elementor-element-aa7e759 e-con-full e-flex e-con e-child\" data-id=\"aa7e759\" data-element_type=\"container\">\n\t\t\t\t<\/div>\n\t\t\t\t\t<\/div>\n\t\t\t\t<\/div>\n\t\t<div class=\"elementor-element elementor-element-60b7ad6 e-flex e-con-boxed e-con e-parent\" data-id=\"60b7ad6\" data-element_type=\"container\">\n\t\t\t\t\t<div class=\"e-con-inner\">\n\t\t\t\t<div class=\"elementor-element elementor-element-9c8ed76 elementor-widget elementor-widget-heading\" data-id=\"9c8ed76\" data-element_type=\"widget\" data-widget_type=\"heading.default\">\n\t\t\t\t<div class=\"elementor-widget-container\">\n\t\t\t<style>\/*! elementor - v3.23.0 - 05-08-2024 *\/\n.elementor-heading-title{padding:0;margin:0;line-height:1}.elementor-widget-heading .elementor-heading-title[class*=elementor-size-]>a{color:inherit;font-size:inherit;line-height:inherit}.elementor-widget-heading .elementor-heading-title.elementor-size-small{font-size:15px}.elementor-widget-heading .elementor-heading-title.elementor-size-medium{font-size:19px}.elementor-widget-heading .elementor-heading-title.elementor-size-large{font-size:29px}.elementor-widget-heading .elementor-heading-title.elementor-size-xl{font-size:39px}.elementor-widget-heading .elementor-heading-title.elementor-size-xxl{font-size:59px}<\/style><h2 class=\"elementor-heading-title elementor-size-default\">Weitere Sponsoren<\/h2>\t\t<\/div>\n\t\t\t\t<\/div>\n\t\t\t\t<div class=\"elementor-element elementor-element-b86397d elementor-widget elementor-widget-text-editor\" data-id=\"b86397d\" data-element_type=\"widget\" data-widget_type=\"text-editor.default\">\n\t\t\t\t<div class=\"elementor-widget-container\">\n\t\t\t\t\t\t\t<p>Peter K\u00e4gi, Turbental<br \/><a href=\"https:\/\/stiftungen.stiftungschweiz.ch\/organisation\/stiftung-pro-sternenberg\" target=\"_blank\" rel=\"noopener\">Stiftung pro Sternenberg<\/a><\/p>\t\t\t\t\t\t<\/div>\n\t\t\t\t<\/div>\n\t\t\t\t\t<\/div>\n\t\t\t\t<\/div>\n\t\t\t\t<\/div>","protected":false},"excerpt":{"rendered":"<p>Das Sterni Festival w\u00e4re ohne unsere lokalen Partner und Freunde nicht m\u00f6glich. An dieser Stelle herzlichen Dank f\u00fcr euer Mitwirken. Finanziell oder Organisatorisch \u2665.\u00a0 Weitere Sponsoren Peter K\u00e4gi, TurbentalStiftung pro Sternenberg<\/p>","protected":false},"author":1,"featured_media":0,"parent":0,"menu_order":0,"comment_status":"closed","ping_status":"closed","template":"elementor_header_footer","meta":{"footnotes":""},"class_list":["post-12751","page","type-page","status-publish","hentry"],"_links":{"self":[{"href":"https:\/\/sterni-festival.ch\/en\/wp-json\/wp\/v2\/pages\/12751","targetHints":{"allow":["GET"]}}],"collection":[{"href":"https:\/\/sterni-festival.ch\/en\/wp-json\/wp\/v2\/pages"}],"about":[{"href":"https:\/\/sterni-festival.ch\/en\/wp-json\/wp\/v2\/types\/page"}],"author":[{"embeddable":true,"href":"https:\/\/sterni-festival.ch\/en\/wp-json\/wp\/v2\/users\/1"}],"replies":[{"embeddable":true,"href":"https:\/\/sterni-festival.ch\/en\/wp-json\/wp\/v2\/comments?post=12751"}],"version-history":[{"count":49,"href":"https:\/\/sterni-festival.ch\/en\/wp-json\/wp\/v2\/pages\/12751\/revisions"}],"predecessor-version":[{"id":13284,"href":"https:\/\/sterni-festival.ch\/en\/wp-json\/wp\/v2\/pages\/12751\/revisions\/13284"}],"wp:attachment":[{"href":"https:\/\/sterni-festival.ch\/en\/wp-json\/wp\/v2\/media?parent=12751"}],"curies":[{"name":"wp","href":"https:\/\/api.w.org\/{rel}","templated":true}]}}