{"id":13241,"date":"2024-06-05T19:26:54","date_gmt":"2024-06-05T17:26:54","guid":{"rendered":"https:\/\/sterni-festival.ch\/?page_id=13241"},"modified":"2024-06-08T08:58:43","modified_gmt":"2024-06-08T06:58:43","slug":"mithelfen","status":"publish","type":"page","link":"https:\/\/sterni-festival.ch\/en\/mithelfen\/","title":{"rendered":"Mithelfen"},"content":{"rendered":"<div data-elementor-type=\"wp-page\" data-elementor-id=\"13241\" class=\"elementor elementor-13241\" data-elementor-post-type=\"page\">\n\t\t\t\t<div class=\"elementor-element elementor-element-00b1cd8 e-flex e-con-boxed e-con e-parent\" data-id=\"00b1cd8\" data-element_type=\"container\">\n\t\t\t\t\t<div class=\"e-con-inner\">\n\t\t\t\t<div class=\"elementor-element elementor-element-f3a6ece elementor-widget elementor-widget-heading\" data-id=\"f3a6ece\" data-element_type=\"widget\" data-widget_type=\"heading.default\">\n\t\t\t\t<div class=\"elementor-widget-container\">\n\t\t\t<style>\/*! elementor - v3.23.0 - 05-08-2024 *\/\n.elementor-heading-title{padding:0;margin:0;line-height:1}.elementor-widget-heading .elementor-heading-title[class*=elementor-size-]>a{color:inherit;font-size:inherit;line-height:inherit}.elementor-widget-heading .elementor-heading-title.elementor-size-small{font-size:15px}.elementor-widget-heading .elementor-heading-title.elementor-size-medium{font-size:19px}.elementor-widget-heading .elementor-heading-title.elementor-size-large{font-size:29px}.elementor-widget-heading .elementor-heading-title.elementor-size-xl{font-size:39px}.elementor-widget-heading .elementor-heading-title.elementor-size-xxl{font-size:59px}<\/style><h3 class=\"elementor-heading-title elementor-size-default\">Werde Helfer und teil des Sterni-Teams \u2665<\/h3>\t\t<\/div>\n\t\t\t\t<\/div>\n\t\t\t\t\t<\/div>\n\t\t\t\t<\/div>\n\t\t<div class=\"elementor-element elementor-element-5c41ea5 e-flex e-con-boxed e-con e-parent\" data-id=\"5c41ea5\" data-element_type=\"container\">\n\t\t\t\t\t<div class=\"e-con-inner\">\n\t\t\t\t<div class=\"elementor-element elementor-element-16516cf elementor-widget elementor-widget-text-editor\" data-id=\"16516cf\" data-element_type=\"widget\" data-widget_type=\"text-editor.default\">\n\t\t\t\t<div class=\"elementor-widget-container\">\n\t\t\t<style>\/*! elementor - v3.23.0 - 05-08-2024 *\/\n.elementor-widget-text-editor.elementor-drop-cap-view-stacked .elementor-drop-cap{background-color:#69727d;color:#fff}.elementor-widget-text-editor.elementor-drop-cap-view-framed .elementor-drop-cap{color:#69727d;border:3px solid;background-color:transparent}.elementor-widget-text-editor:not(.elementor-drop-cap-view-default) .elementor-drop-cap{margin-top:8px}.elementor-widget-text-editor:not(.elementor-drop-cap-view-default) .elementor-drop-cap-letter{width:1em;height:1em}.elementor-widget-text-editor .elementor-drop-cap{float:left;text-align:center;line-height:1;font-size:50px}.elementor-widget-text-editor .elementor-drop-cap-letter{display:inline-block}<\/style>\t\t\t\t<p><strong>Das erwartet dich<\/strong><\/p><p>&#8211; <strong>Helferentsch\u00e4digung<\/strong>: Ab 8 Stunden Einsatz gibt es ein 2-Tages-Ticket, ab 4 Stunden Getr\u00e4nkebons.<br \/>&#8211; <strong>Camping<\/strong>: W\u00e4hrend des Festivals und beim Auf-\/Abbau m\u00f6glich.<br \/>&#8211; <strong>Verpflegung<\/strong>: W\u00e4hrend des Einsatzes wird f\u00fcr Essen gesorgt.<br \/>&#8211; <strong>Parken<\/strong>: W\u00e4hrend des Festivals gibt es einen Shuttle-Service, Parken ist vor Ort nicht m\u00f6glich.<\/p><p>Sei dabei und hilf mit, das Sterni-Festival zu einem Unvergesslichen Erlebnis f\u00fcr alle zu gestalten<\/p><p>Melde dich \u00fcber Facebook, Eventfrog oder per Mail (info@sterni-festival.ch) bei uns oder melde dich direkt f\u00fcr Eins\u00e4tze via unserem Anmeldeformular: <strong><a title=\"Klick mich\" href=\"https:\/\/forms.gle\/bZxHVdMLT7L55h9B6\" target=\"_blank\" rel=\"noopener\">https:\/\/forms.gle\/bZxHVdMLT7L55h9B6<\/a><\/strong>.<\/p>\t\t\t\t\t\t<\/div>\n\t\t\t\t<\/div>\n\t\t\t\t\t<\/div>\n\t\t\t\t<\/div>\n\t\t\t\t<\/div>","protected":false},"excerpt":{"rendered":"<p>Werde Helfer und teil des Sterni-Teams \u2665 Das erwartet dich &#8211; Helferentsch\u00e4digung: Ab 8 Stunden Einsatz gibt es ein 2-Tages-Ticket, ab 4 Stunden Getr\u00e4nkebons.&#8211; Camping: W\u00e4hrend des Festivals und beim Auf-\/Abbau m\u00f6glich.&#8211; Verpflegung: W\u00e4hrend des Einsatzes wird f\u00fcr Essen gesorgt.&#8211; Parken: W\u00e4hrend des Festivals gibt&#8230;<\/p>","protected":false},"author":1,"featured_media":0,"parent":0,"menu_order":0,"comment_status":"closed","ping_status":"closed","template":"elementor_header_footer","meta":{"footnotes":""},"class_list":["post-13241","page","type-page","status-publish","hentry"],"_links":{"self":[{"href":"https:\/\/sterni-festival.ch\/en\/wp-json\/wp\/v2\/pages\/13241","targetHints":{"allow":["GET"]}}],"collection":[{"href":"https:\/\/sterni-festival.ch\/en\/wp-json\/wp\/v2\/pages"}],"about":[{"href":"https:\/\/sterni-festival.ch\/en\/wp-json\/wp\/v2\/types\/page"}],"author":[{"embeddable":true,"href":"https:\/\/sterni-festival.ch\/en\/wp-json\/wp\/v2\/users\/1"}],"replies":[{"embeddable":true,"href":"https:\/\/sterni-festival.ch\/en\/wp-json\/wp\/v2\/comments?post=13241"}],"version-history":[{"count":16,"href":"https:\/\/sterni-festival.ch\/en\/wp-json\/wp\/v2\/pages\/13241\/revisions"}],"predecessor-version":[{"id":13262,"href":"https:\/\/sterni-festival.ch\/en\/wp-json\/wp\/v2\/pages\/13241\/revisions\/13262"}],"wp:attachment":[{"href":"https:\/\/sterni-festival.ch\/en\/wp-json\/wp\/v2\/media?parent=13241"}],"curies":[{"name":"wp","href":"https:\/\/api.w.org\/{rel}","templated":true}]}}